{"id":593,"date":"2023-09-26T13:51:52","date_gmt":"2023-09-26T13:51:52","guid":{"rendered":"https:\/\/gpa.dsd.mybluehost.me\/?page_id=593"},"modified":"2024-01-23T15:19:49","modified_gmt":"2024-01-23T15:19:49","slug":"casilleros-residenciales","status":"publish","type":"page","link":"https:\/\/cuart.co\/en\/casilleros-residenciales\/","title":{"rendered":"Residential"},"content":{"rendered":"<section class=\"section\" id=\"section_1643215581\">\n\t\t<div class=\"bg section-bg fill bg-fill\" >\n\n\t\t\t\n\t\t\t<div class=\"section-bg-overlay absolute fill\"><\/div>\n\t\t\t\n\n\t\t<\/div>\n\n\t\t\n\n\t\t<div class=\"section-content relative\">\n\t\t\t\n\n<div class=\"row\"  id=\"row-2138413078\">\n\n\n\t<div id=\"col-2066434062\" class=\"col small-12 large-12\"  >\n\t\t\t\t<div class=\"col-inner\"  >\n\t\t\t\n\t\t\t\n\n\t<div id=\"text-834761094\" class=\"text\">\n\t\t\n\n<h2>CUART<\/h2>\n<h3>Residential and Housing<\/h3>\n\t\t\n<style>\n#text-834761094 {\n  font-size: 2.6rem;\n  line-height: 1;\n  text-align: center;\n  color: rgb(255,255,255);\n}\n#text-834761094 > * {\n  color: rgb(255,255,255);\n}\n@media (min-width:550px) {\n  #text-834761094 {\n    line-height: 0.75;\n  }\n}\n<\/style>\n\t<\/div>\n\t\n\n\t\t<\/div>\n\t\t\t\t\t<\/div>\n\n\t\n\n<\/div>\n\n\t\t<\/div>\n\n\t\t\n<style>\n#section_1643215581 {\n  padding-top: 30px;\n  padding-bottom: 30px;\n  min-height: 400px;\n  background-color: rgb(55, 189, 223);\n}\n#section_1643215581 .section-bg-overlay {\n  background-color: rgba(55, 189, 223, 0.628);\n}\n#section_1643215581 .section-bg.bg-loaded {\n  background-image: url(https:\/\/cuart.co\/wp-content\/uploads\/2023\/09\/recidencia.png);\n}\n#section_1643215581 .section-bg {\n  background-position: 5% 100%;\n}\n<\/style>\n\t<\/section>\n\t\n\t<section class=\"section\" id=\"section_191587139\">\n\t\t<div class=\"bg section-bg fill bg-fill  bg-loaded\" >\n\n\t\t\t\n\t\t\t\n\t\t\t\n\n\t\t<\/div>\n\n\t\t\n\n\t\t<div class=\"section-content relative\">\n\t\t\t\n\n<div class=\"row row-full-width align-center\"  id=\"row-1133932716\">\n\n\n\t<div id=\"col-749279620\" class=\"col medium-10 small-12 large-10\"  >\n\t\t\t\t<div class=\"col-inner text-center\"  >\n\t\t\t\n\t\t\t\n\n\t<div id=\"text-293550131\" class=\"text\">\n\t\t\n\n<p><strong>CUART<\/strong> guarantees 100% of deliveries through our smart mailboxes.<\/p>\n\t\t\n<style>\n#text-293550131 {\n  font-size: 1.65rem;\n}\n<\/style>\n\t<\/div>\n\t\n\n\t\t<\/div>\n\t\t\t\t\n<style>\n#col-749279620 > .col-inner {\n  margin: 25px 0px 0px 0px;\n}\n<\/style>\n\t<\/div>\n\n\t\n\n<\/div>\n\n\t\t<\/div>\n\n\t\t\n<style>\n#section_191587139 {\n  padding-top: 0px;\n  padding-bottom: 0px;\n  min-height: 200px;\n  background-color: rgb(255,255,255);\n}\n<\/style>\n\t<\/section>\n\t\n\t<section class=\"section\" id=\"section_576100919\">\n\t\t<div class=\"bg section-bg fill bg-fill  bg-loaded\" >\n\n\t\t\t\n\t\t\t\n\t\t\t\n\n\t\t<\/div>\n\n\t\t\n\n\t\t<div class=\"section-content relative\">\n\t\t\t\n\n<div class=\"row\"  id=\"row-1972053251\">\n\n\n\t<div id=\"col-1880735315\" class=\"col small-12 large-12\"  >\n\t\t\t\t<div class=\"col-inner text-center\"  >\n\t\t\t\n\t\t\t\n\n\t<div id=\"text-669303126\" class=\"text\">\n\t\t\n\n<h1>It is the safest and most comfortable solution to receive packages in buildings, homes, residential areas and neighborhood communities without being present<\/h1>\n\t\t\n<style>\n#text-669303126 {\n  font-size: 1rem;\n}\n<\/style>\n\t<\/div>\n\t\n\n\t\t<\/div>\n\t\t\t\t\t<\/div>\n\n\t\n\n<\/div>\n\n\t\t<\/div>\n\n\t\t\n<style>\n#section_576100919 {\n  padding-top: 45px;\n  padding-bottom: 45px;\n}\n@media (min-width:550px) {\n  #section_576100919 {\n    padding-top: 65px;\n    padding-bottom: 65px;\n  }\n}\n@media (min-width:850px) {\n  #section_576100919 {\n    padding-top: 0px;\n    padding-bottom: 0px;\n  }\n}\n<\/style>\n\t<\/section>\n\t\n\t<section class=\"section\" id=\"section_938502230\">\n\t\t<div class=\"bg section-bg fill bg-fill  bg-loaded\" >\n\n\t\t\t\n\t\t\t<div class=\"section-bg-overlay absolute fill\"><\/div>\n\t\t\t\n\n\t\t<\/div>\n\n\t\t\n\n\t\t<div class=\"section-content relative\">\n\t\t\t\n\n<div class=\"row row-large align-middle align-center row-divided\"  id=\"row-934191583\">\n\n\n\t<div id=\"col-85576649\" class=\"col medium-6 small-12 large-6\"  >\n\t\t\t\t<div class=\"col-inner text-center\"  >\n\t\t\t\n\t\t\t\n\n\t<div id=\"text-3283387001\" class=\"text\">\n\t\t\n\n<h1>With this new smart mailbox system, you will provide a solution to multiple situations:<\/h1>\n<ul>\n<li style=\"text-align: left;\"><span data-fusion-font=\"true\">You want to offer a differential value in the promotion of new housing.<\/span><\/li>\n<li style=\"text-align: left;\"><span data-fusion-font=\"true\">You want to incorporate new services for future tenants.<\/span><\/li>\n<li style=\"text-align: left;\"><span data-fusion-font=\"true\">You want your order to be delivered even if you are not at home.<\/span><span data-fusion-font=\"true\"><br \/><\/span><\/li>\n<li style=\"text-align: left;\"><span data-fusion-font=\"true\">Avoid bothering your neighbors to recieve your packages.<\/span><\/li>\n<\/ul>\n\t\t\n<style>\n#text-3283387001 {\n  font-size: 1.05rem;\n  text-align: left;\n}\n<\/style>\n\t<\/div>\n\t\n\n\t\t<\/div>\n\t\t\t\t\n<style>\n#col-85576649 > .col-inner {\n  margin: 0px 0px 0px 0px;\n  max-width: 520px;\n}\n@media (min-width:550px) {\n  #col-85576649 > .col-inner {\n    margin: 25px 25px 25px 25px;\n  }\n}\n<\/style>\n\t<\/div>\n\n\t\n\n\t<div id=\"col-1395260511\" class=\"col medium-6 small-12 large-6\"  >\n\t\t\t\t<div class=\"col-inner\"  >\n\t\t\t\n\t\t\t\n\n\t<div class=\"img has-hover x md-x lg-x y md-y lg-y\" id=\"image_1901854258\">\n\t\t\t\t\t\t\t\t<div class=\"img-inner dark\" >\n\t\t\t<img loading=\"lazy\" decoding=\"async\" width=\"1000\" height=\"1257\" src=\"https:\/\/cuart.co\/wp-content\/uploads\/2023\/10\/casillero5-1.png\" class=\"attachment-original size-original\" alt=\"\" srcset=\"https:\/\/cuart.co\/wp-content\/uploads\/2023\/10\/casillero5-1.png 1000w, https:\/\/cuart.co\/wp-content\/uploads\/2023\/10\/casillero5-1-318x400.png 318w, https:\/\/cuart.co\/wp-content\/uploads\/2023\/10\/casillero5-1-636x800.png 636w, https:\/\/cuart.co\/wp-content\/uploads\/2023\/10\/casillero5-1-768x965.png 768w, https:\/\/cuart.co\/wp-content\/uploads\/2023\/10\/casillero5-1-600x754.png 600w\" sizes=\"auto, (max-width: 1000px) 100vw, 1000px\" \/>\t\t\t\t\t\t\n\t\t\t\t\t<\/div>\n\t\t\t\t\t\t\t\t\n<style>\n#image_1901854258 {\n  width: 73%;\n}\n<\/style>\n\t<\/div>\n\t\n\n\n\t\t<\/div>\n\t\t\t\t\t<\/div>\n\n\t\n\n<\/div>\n<div class=\"row row-large align-middle align-center row-divided\"  id=\"row-711630233\">\n\n\n\t<div id=\"col-1367607748\" class=\"col medium-6 small-12 large-6\"  >\n\t\t\t\t<div class=\"col-inner\"  >\n\t\t\t\n\t\t\t\n\n\t<div class=\"img has-hover x md-x lg-x y md-y lg-y\" id=\"image_1847389571\">\n\t\t\t\t\t\t\t\t<div class=\"img-inner dark\" style=\"margin:0px 25px 25px 25px;\">\n\t\t\t<img loading=\"lazy\" decoding=\"async\" width=\"700\" height=\"700\" src=\"https:\/\/cuart.co\/wp-content\/uploads\/2023\/09\/pequenos_banner_1.png\" class=\"attachment-original size-original\" alt=\"\" srcset=\"https:\/\/cuart.co\/wp-content\/uploads\/2023\/09\/pequenos_banner_1.png 700w, https:\/\/cuart.co\/wp-content\/uploads\/2023\/09\/pequenos_banner_1-400x400.png 400w, https:\/\/cuart.co\/wp-content\/uploads\/2023\/09\/pequenos_banner_1-280x280.png 280w, https:\/\/cuart.co\/wp-content\/uploads\/2023\/09\/pequenos_banner_1-300x300.png 300w, https:\/\/cuart.co\/wp-content\/uploads\/2023\/09\/pequenos_banner_1-600x600.png 600w, https:\/\/cuart.co\/wp-content\/uploads\/2023\/09\/pequenos_banner_1-100x100.png 100w\" sizes=\"auto, (max-width: 700px) 100vw, 700px\" \/>\t\t\t\t\t\t\n\t\t\t\t\t<\/div>\n\t\t\t\t\t\t\t\t\n<style>\n#image_1847389571 {\n  width: 80%;\n}\n<\/style>\n\t<\/div>\n\t\n\n\n\t\t<\/div>\n\t\t\t\t\n<style>\n#col-1367607748 > .col-inner {\n  border-radius: 25px;\n}\n<\/style>\n\t<\/div>\n\n\t\n\n\t<div id=\"col-437457026\" class=\"col medium-6 small-12 large-6\"  >\n\t\t\t\t<div class=\"col-inner text-center\"  >\n\t\t\t\n\t\t\t\n\n\t<div id=\"text-3615687718\" class=\"text\">\n\t\t\n\n<h1 style=\"text-align: left;\">What benefits will you get with the Quart solution?<\/h1>\n<ul>\n<li style=\"text-align: left;\">\n<div><span data-fusion-font=\"true\">You will improve your home sale proposal by betting on a technological solution.<\/span><\/div>\n<\/li>\n<li style=\"text-align: left;\">\n<div><span data-fusion-font=\"true\">Increase the value of your business by offering homes with high added value.<\/span><\/div>\n<\/li>\n<li style=\"text-align: left;\">\n<div><span data-fusion-font=\"true\">You will have a safe space in which to receive your deliveries.<\/span><\/div>\n<\/li>\n<li style=\"text-align: left;\">\n<div><span data-fusion-font=\"true\">You will also guarantee 100% receipt of your online purchases.<\/span><\/div>\n<\/li>\n<\/ul>\n\t\t\n<style>\n#text-3615687718 {\n  font-size: 1.05rem;\n  text-align: right;\n}\n<\/style>\n\t<\/div>\n\t\n\n\t\t<\/div>\n\t\t\t\t\n<style>\n#col-437457026 > .col-inner {\n  margin: 0px 0px 0px 0px;\n  max-width: 520px;\n}\n@media (min-width:550px) {\n  #col-437457026 > .col-inner {\n    margin: 25px 25px 25px 25px;\n  }\n}\n<\/style>\n\t<\/div>\n\n\t\n\n<\/div>\n\n\t\t<\/div>\n\n\t\t\n<style>\n#section_938502230 {\n  padding-top: 0px;\n  padding-bottom: 0px;\n  background-color: rgb(247, 247, 247);\n}\n#section_938502230 .section-bg-overlay {\n  background-color: rgba(255, 255, 255, 0.85);\n}\n<\/style>\n\t<\/section>\n\t\n\t<section class=\"section\" id=\"section_1507194362\">\n\t\t<div class=\"bg section-bg fill bg-fill  bg-loaded\" >\n\n\t\t\t\n\t\t\t\n\t\t\t\n\n\t\t<\/div>\n\n\t\t\n\n\t\t<div class=\"section-content relative\">\n\t\t\t\n\n\t<div id=\"gap-214843081\" class=\"gap-element clearfix\" style=\"display:block; height:auto;\">\n\t\t\n<style>\n#gap-214843081 {\n  padding-top: 30px;\n}\n<\/style>\n\t<\/div>\n\t\n\n<div class=\"row\"  id=\"row-1467342650\">\n\n\n\t<div id=\"col-1579237665\" class=\"col small-12 large-12\"  >\n\t\t\t\t<div class=\"col-inner text-center\"  >\n\t\t\t\n\t\t\t\n\n\t<div id=\"text-3417597134\" class=\"text\">\n\t\t\n\n<h1>How does the Cuart Smart Locker solution work for residential areas and neighborhood communities?<\/h1>\n\t\t\n<style>\n#text-3417597134 {\n  font-size: 1rem;\n}\n<\/style>\n\t<\/div>\n\t\n\n\t\t<\/div>\n\t\t\t\t\t<\/div>\n\n\t\n\n<\/div>\n<div class=\"row row-large\"  id=\"row-521247852\">\n\n\n\t<div id=\"col-442411543\" class=\"col medium-3 small-12 large-3\"  >\n\t\t\t\t<div class=\"col-inner text-center\"  >\n\t\t\t\n\t\t\t\n\n\n\t\t<div class=\"icon-box featured-box icon-box-center text-center\"  >\n\t\t\t\t\t<div class=\"icon-box-img\" style=\"width: 75px\">\n\t\t\t\t<div class=\"icon\">\n\t\t\t\t\t<div class=\"icon-inner\" >\n\t\t\t\t\t\t<img loading=\"lazy\" decoding=\"async\" width=\"256\" height=\"256\" src=\"https:\/\/cuart.co\/wp-content\/uploads\/2023\/09\/rompecabezas.png\" class=\"attachment-medium size-medium\" alt=\"\" srcset=\"https:\/\/cuart.co\/wp-content\/uploads\/2023\/09\/rompecabezas.png 256w, https:\/\/cuart.co\/wp-content\/uploads\/2023\/09\/rompecabezas-100x100.png 100w\" sizes=\"auto, (max-width: 256px) 100vw, 256px\" \/>\t\t\t\t\t<\/div>\n\t\t\t\t<\/div>\n\t\t\t<\/div>\n\t\t\t\t<div class=\"icon-box-text last-reset\">\n\t\t\t\t\t\t\t\t\t\n\n\t<div id=\"text-3146343933\" class=\"text\">\n\t\t\n\n<p>Cuart has prior registration of users on the smart locker management platform.<\/p>\n\t\t\n<style>\n#text-3146343933 {\n  font-size: 1rem;\n  color: #182c4c;\n}\n#text-3146343933 > * {\n  color: #182c4c;\n}\n<\/style>\n\t<\/div>\n\t\n\n\t\t<\/div>\n\t<\/div>\n\t\n\t\n\n\t\t<\/div>\n\t\t\t\t\t<\/div>\n\n\t\n\n\t<div id=\"col-217894201\" class=\"col medium-3 small-12 large-3\"  >\n\t\t\t\t<div class=\"col-inner text-center\"  >\n\t\t\t\n\t\t\t\n\n\n\t\t<div class=\"icon-box featured-box icon-box-center text-center\"  >\n\t\t\t\t\t<div class=\"icon-box-img\" style=\"width: 75px\">\n\t\t\t\t<div class=\"icon\">\n\t\t\t\t\t<div class=\"icon-inner\" >\n\t\t\t\t\t\t<img loading=\"lazy\" decoding=\"async\" width=\"256\" height=\"256\" src=\"https:\/\/cuart.co\/wp-content\/uploads\/2023\/09\/caja-del-paquete.png\" class=\"attachment-medium size-medium\" alt=\"\" srcset=\"https:\/\/cuart.co\/wp-content\/uploads\/2023\/09\/caja-del-paquete.png 256w, https:\/\/cuart.co\/wp-content\/uploads\/2023\/09\/caja-del-paquete-100x100.png 100w\" sizes=\"auto, (max-width: 256px) 100vw, 256px\" \/>\t\t\t\t\t<\/div>\n\t\t\t\t<\/div>\n\t\t\t<\/div>\n\t\t\t\t<div class=\"icon-box-text last-reset\">\n\t\t\t\t\t\t\t\t\t\n\n\t<div id=\"text-3523750586\" class=\"text\">\n\t\t\n\n<p>The employee or delivery person fulfills customer's order in the smart locker<\/p>\n\t\t\n<style>\n#text-3523750586 {\n  font-size: 1rem;\n  color: #182c4c;\n}\n#text-3523750586 > * {\n  color: #182c4c;\n}\n<\/style>\n\t<\/div>\n\t\n\n\t\t<\/div>\n\t<\/div>\n\t\n\t\n\n\t\t<\/div>\n\t\t\t\t\t<\/div>\n\n\t\n\n\t<div id=\"col-705488759\" class=\"col medium-3 small-12 large-3\"  >\n\t\t\t\t<div class=\"col-inner text-center\"  >\n\t\t\t\n\t\t\t\n\n\n\t\t<div class=\"icon-box featured-box icon-box-center text-center\"  >\n\t\t\t\t\t<div class=\"icon-box-img\" style=\"width: 75px\">\n\t\t\t\t<div class=\"icon\">\n\t\t\t\t\t<div class=\"icon-inner\" >\n\t\t\t\t\t\t<img loading=\"lazy\" decoding=\"async\" width=\"256\" height=\"256\" src=\"https:\/\/cuart.co\/wp-content\/uploads\/2023\/09\/codigo-qr.png\" class=\"attachment-medium size-medium\" alt=\"\" srcset=\"https:\/\/cuart.co\/wp-content\/uploads\/2023\/09\/codigo-qr.png 256w, https:\/\/cuart.co\/wp-content\/uploads\/2023\/09\/codigo-qr-100x100.png 100w\" sizes=\"auto, (max-width: 256px) 100vw, 256px\" \/>\t\t\t\t\t<\/div>\n\t\t\t\t<\/div>\n\t\t\t<\/div>\n\t\t\t\t<div class=\"icon-box-text last-reset\">\n\t\t\t\t\t\t\t\t\t\n\n\t<div id=\"text-3448830724\" class=\"text\">\n\t\t\n\n<p>Autom\u00e1ticamente, el cliente recibe una notificaci\u00f3n QR con c\u00f3digo para acceder a la casillero inteligente<\/p>\n\t\t\n<style>\n#text-3448830724 {\n  font-size: 1rem;\n  color: #182c4c;\n}\n#text-3448830724 > * {\n  color: #182c4c;\n}\n<\/style>\n\t<\/div>\n\t\n\n\t\t<\/div>\n\t<\/div>\n\t\n\t\n\n\t\t<\/div>\n\t\t\t\t\t<\/div>\n\n\t\n\n\t<div id=\"col-787182173\" class=\"col medium-3 small-12 large-3\"  >\n\t\t\t\t<div class=\"col-inner text-center\"  >\n\t\t\t\n\t\t\t\n\n\n\t\t<div class=\"icon-box featured-box icon-box-center text-center\"  >\n\t\t\t\t\t<div class=\"icon-box-img\" style=\"width: 75px\">\n\t\t\t\t<div class=\"icon\">\n\t\t\t\t\t<div class=\"icon-inner\" >\n\t\t\t\t\t\t<img loading=\"lazy\" decoding=\"async\" width=\"256\" height=\"256\" src=\"https:\/\/cuart.co\/wp-content\/uploads\/2023\/09\/revisar.png\" class=\"attachment-medium size-medium\" alt=\"\" srcset=\"https:\/\/cuart.co\/wp-content\/uploads\/2023\/09\/revisar.png 256w, https:\/\/cuart.co\/wp-content\/uploads\/2023\/09\/revisar-100x100.png 100w\" sizes=\"auto, (max-width: 256px) 100vw, 256px\" \/>\t\t\t\t\t<\/div>\n\t\t\t\t<\/div>\n\t\t\t<\/div>\n\t\t\t\t<div class=\"icon-box-text last-reset\">\n\t\t\t\t\t\t\t\t\t\n\n\t<div id=\"text-1103218205\" class=\"text\">\n\t\t\n\n<p>With the QR or numerical code, the customer will have access to their order to pick it up whenever they want.<\/p>\n\t\t\n<style>\n#text-1103218205 {\n  font-size: 1rem;\n  color: #182c4c;\n}\n#text-1103218205 > * {\n  color: #182c4c;\n}\n<\/style>\n\t<\/div>\n\t\n\n\t\t<\/div>\n\t<\/div>\n\t\n\t\n\n\t\t<\/div>\n\t\t\t\t\t<\/div>\n\n\t\n\n<\/div>\n\n\t\t<\/div>\n\n\t\t\n<style>\n#section_1507194362 {\n  padding-top: 45px;\n  padding-bottom: 45px;\n}\n@media (min-width:550px) {\n  #section_1507194362 {\n    padding-top: 65px;\n    padding-bottom: 65px;\n  }\n}\n@media (min-width:850px) {\n  #section_1507194362 {\n    padding-top: 0px;\n    padding-bottom: 0px;\n  }\n}\n<\/style>\n\t<\/section>\n\t\n<div class=\"text-center\"><div class=\"is-divider divider clearfix\" style=\"max-width:900px;height:2px;background-color:rgb(13, 181, 219);\"><\/div><\/div>\n\n\t<section class=\"section\" id=\"section_143043259\">\n\t\t<div class=\"bg section-bg fill bg-fill  bg-loaded\" >\n\n\t\t\t\n\t\t\t\n\t\t\t\n\n\t\t<\/div>\n\n\t\t\n\n\t\t<div class=\"section-content relative\">\n\t\t\t\n\n\t<div id=\"gap-2052012838\" class=\"gap-element clearfix\" style=\"display:block; height:auto;\">\n\t\t\n<style>\n#gap-2052012838 {\n  padding-top: 30px;\n}\n<\/style>\n\t<\/div>\n\t\n\n<div class=\"row\"  id=\"row-2060520056\">\n\n\n\t<div id=\"col-1594065475\" class=\"col small-12 large-12\"  >\n\t\t\t\t<div class=\"col-inner text-center\"  >\n\t\t\t\n\t\t\t\n\n\t<div id=\"text-3306488129\" class=\"text\">\n\t\t\n\n<h1>CUART Smart Lockers Benefits<\/h1>\n\t\t\n<style>\n#text-3306488129 {\n  font-size: 1rem;\n}\n<\/style>\n\t<\/div>\n\t\n\n\t\t<\/div>\n\t\t\t\t\t<\/div>\n\n\t\n\n<\/div>\n<div class=\"row row-large\"  id=\"row-1165425675\">\n\n\n\t<div id=\"col-42702\" class=\"col small-12 large-12\"  >\n\t\t\t\t<div class=\"col-inner text-center\"  >\n\t\t\t\n\t\t\t\n\n\n\t\t<div class=\"icon-box featured-box icon-box-center text-center\"  >\n\t\t\t\t\t<div class=\"icon-box-img\" style=\"width: 600px\">\n\t\t\t\t<div class=\"icon\">\n\t\t\t\t\t<div class=\"icon-inner\" >\n\t\t\t\t\t\t<img loading=\"lazy\" decoding=\"async\" width=\"595\" height=\"400\" src=\"https:\/\/cuart.co\/wp-content\/uploads\/2023\/09\/cuart-1-595x400.png\" class=\"attachment-medium size-medium\" alt=\"\" srcset=\"https:\/\/cuart.co\/wp-content\/uploads\/2023\/09\/cuart-1-595x400.png 595w, https:\/\/cuart.co\/wp-content\/uploads\/2023\/09\/cuart-1-1191x800.png 1191w, https:\/\/cuart.co\/wp-content\/uploads\/2023\/09\/cuart-1-768x516.png 768w, https:\/\/cuart.co\/wp-content\/uploads\/2023\/09\/cuart-1-1536x1032.png 1536w, https:\/\/cuart.co\/wp-content\/uploads\/2023\/09\/cuart-1-2048x1376.png 2048w, https:\/\/cuart.co\/wp-content\/uploads\/2023\/09\/cuart-1-600x403.png 600w\" sizes=\"auto, (max-width: 595px) 100vw, 595px\" \/>\t\t\t\t\t<\/div>\n\t\t\t\t<\/div>\n\t\t\t<\/div>\n\t\t\t\t<div class=\"icon-box-text last-reset\">\n\t\t\t\t\t\t\t\t\t\n\n\n\t\t<\/div>\n\t<\/div>\n\t\n\t\n\n\t\t<\/div>\n\t\t\t\t\t<\/div>\n\n\t\n\n<\/div>\n\n\t\t<\/div>\n\n\t\t\n<style>\n#section_143043259 {\n  padding-top: 45px;\n  padding-bottom: 45px;\n}\n@media (min-width:550px) {\n  #section_143043259 {\n    padding-top: 65px;\n    padding-bottom: 65px;\n  }\n}\n@media (min-width:850px) {\n  #section_143043259 {\n    padding-top: 0px;\n    padding-bottom: 0px;\n  }\n}\n<\/style>\n\t<\/section>\n\t\n\t<section class=\"section dark\" id=\"section_2046734059\">\n\t\t<div class=\"bg section-bg fill bg-fill  bg-loaded\" >\n\n\t\t\t\n\t\t\t\n\t\t\t\n\n\t\t<\/div>\n\n\t\t\n\n\t\t<div class=\"section-content relative\">\n\t\t\t\n\n<div class=\"row align-center\"  id=\"row-1263475267\">\n\n\n\t<div id=\"col-285801895\" class=\"col medium-10 small-12 large-10\"  >\n\t\t\t\t<div class=\"col-inner text-center\"  >\n\t\t\t\n\t\t\t\n\n<h2 style=\"text-align: center;\">Request information about our smart lockers<\/h2>\n<a class=\"button secondary is-large\"  >\n  <i class=\"icon-angle-right\" aria-hidden=\"true\" ><\/i>  <span>ask for information<\/span>\n  <\/a>\n\n\n\n\t\t<\/div>\n\t\t\t\t\n<style>\n#col-285801895 > .col-inner {\n  margin: 25px 0px 0px 0px;\n}\n<\/style>\n\t<\/div>\n\n\t\n\n<\/div>\n\n\t\t<\/div>\n\n\t\t\n<style>\n#section_2046734059 {\n  padding-top: 0px;\n  padding-bottom: 0px;\n  min-height: 150px;\n  background-color: #182c4c;\n}\n<\/style>\n\t<\/section>","protected":false},"excerpt":{"rendered":"","protected":false},"author":1,"featured_media":0,"parent":0,"menu_order":0,"comment_status":"closed","ping_status":"closed","template":"page-blank.php","meta":{"footnotes":""},"class_list":["post-593","page","type-page","status-publish","hentry"],"_links":{"self":[{"href":"https:\/\/cuart.co\/en\/wp-json\/wp\/v2\/pages\/593","targetHints":{"allow":["GET"]}}],"collection":[{"href":"https:\/\/cuart.co\/en\/wp-json\/wp\/v2\/pages"}],"about":[{"href":"https:\/\/cuart.co\/en\/wp-json\/wp\/v2\/types\/page"}],"author":[{"embeddable":true,"href":"https:\/\/cuart.co\/en\/wp-json\/wp\/v2\/users\/1"}],"replies":[{"embeddable":true,"href":"https:\/\/cuart.co\/en\/wp-json\/wp\/v2\/comments?post=593"}],"version-history":[{"count":7,"href":"https:\/\/cuart.co\/en\/wp-json\/wp\/v2\/pages\/593\/revisions"}],"predecessor-version":[{"id":877,"href":"https:\/\/cuart.co\/en\/wp-json\/wp\/v2\/pages\/593\/revisions\/877"}],"wp:attachment":[{"href":"https:\/\/cuart.co\/en\/wp-json\/wp\/v2\/media?parent=593"}],"curies":[{"name":"wp","href":"https:\/\/api.w.org\/{rel}","templated":true}]}}