{"id":362,"date":"2023-09-10T03:29:17","date_gmt":"2023-09-10T03:29:17","guid":{"rendered":"https:\/\/gpa.dsd.mybluehost.me\/?page_id=362"},"modified":"2026-01-28T04:06:44","modified_gmt":"2026-01-28T09:06:44","slug":"contacto","status":"publish","type":"page","link":"https:\/\/cuart.co\/en\/contacto\/","title":{"rendered":"Contact us"},"content":{"rendered":"\n\t<section class=\"section dark\" id=\"section_24556718\">\n\t\t<div class=\"bg section-bg fill bg-fill  bg-loaded\" >\n\n\t\t\t\n\t\t\t\n\t\t\t\n\n\t\t<\/div>\n\n\t\t\n\n\t\t<div class=\"section-content relative\">\n\t\t\t\n\n<div class=\"row align-center\"  id=\"row-1244475386\">\n\n\n\t<div id=\"col-32886603\" class=\"col medium-8 small-11 large-7\"  >\n\t\t\t\t<div class=\"col-inner text-center\"  >\n\t\t\t\n\t\t\t\n\n\t<div id=\"text-274351006\" class=\"text\">\n\t\t\n\n<h1 class=\"\" style=\"text-align: center;\" data-fusion-font=\"true\" data-fontsize=\"30\" data-lineheight=\"34.8px\"><b>\u00bfTienes alguna duda o deseas m\u00e1s informaci\u00f3n?<\/b><\/h1>\n<p style=\"text-align: center;\">Ponte en contacto con nosotros a trav\u00e9s del siguiente formulario:<\/p>\n\t\t\n<style>\n#text-274351006 {\n  font-size: 1.25rem;\n  color: rgb(255,255,255);\n}\n#text-274351006 > * {\n  color: rgb(255,255,255);\n}\n<\/style>\n\t<\/div>\n\t\n\n\t\t<\/div>\n\t\t\t\t\n<style>\n#col-32886603 > .col-inner {\n  margin: 25px 0px 0px 0px;\n}\n<\/style>\n\t<\/div>\n\n\t\n\n<\/div>\n\n\t\t<\/div>\n\n\t\t\n<style>\n#section_24556718 {\n  padding-top: 60px;\n  padding-bottom: 60px;\n  min-height: 250px;\n  background-color: #37bddf;\n}\n<\/style>\n\t<\/section>\n\t\n<div class=\"row align-center\"  id=\"row-1120129249\">\n\n\n\t<div id=\"col-593972719\" class=\"col small-12 large-12\"  >\n\t\t\t\t<div class=\"col-inner\"  >\n\t\t\t\n\t\t\t\n\n<div class=\"text-center\"><div class=\"is-divider divider clearfix\" style=\"max-width:920px;background-color:rgb(55, 189, 223);\"><\/div><\/div>\n\n\n\t\t<\/div>\n\t\t\t\t\t<\/div>\n\n\t\n\n<\/div>\n<div class=\"row align-center\"  id=\"row-923970005\">\n\n\n\t<div id=\"col-480975031\" class=\"col medium-11 small-12 large-11\"  >\n\t\t\t\t<div class=\"col-inner\"  >\n\t\t\t\n\t\t\t\n\n\t<section class=\"section\" id=\"section_1867369302\">\n\t\t<div class=\"bg section-bg fill bg-fill  bg-loaded\" >\n\n\t\t\t\n\t\t\t\n\t\t\t\n\t<div class=\"is-border\"\n\t\tstyle=\"border-color:rgb(235, 235, 235);border-width:1px 1px 1px 1px;\">\n\t<\/div>\n\n\t\t<\/div>\n\n\t\t\n\n\t\t<div class=\"section-content relative\">\n\t\t\t\n\n<div class=\"row row-large\"  id=\"row-169807467\">\n\n\n\t<div id=\"col-922751676\" class=\"col medium-7 small-12 large-7\"  >\n\t\t\t\t<div class=\"col-inner\"  >\n\t\t\t\n\t\t\t\n\n<style id=\"wpforms-css-vars-475\">\n\t\t\t\t#wpforms-475 {\n\t\t\t\t\n\t\t\t}\n\t\t\t<\/style><div class=\"wpforms-container wpforms-container-full wpforms-render-modern\" id=\"wpforms-475\"><form id=\"wpforms-form-475\" class=\"wpforms-validate wpforms-form wpforms-ajax-form\" data-formid=\"475\" method=\"post\" enctype=\"multipart\/form-data\" action=\"\/en\/wp-json\/wp\/v2\/pages\/362\" data-token=\"b51dd7acda27a3a790c2253a0c06d3f9\" data-token-time=\"1775960325\"><noscript class=\"wpforms-error-noscript\">Please enable JavaScript in your browser to complete this form.<\/noscript><div id=\"wpforms-error-noscript\" style=\"display: none;\">Please enable JavaScript in your browser to complete this form.<\/div><div class=\"wpforms-page-indicator progress\" data-indicator=\"progress\" data-indicator-color=\"#066aab\" data-scroll=\"1\" role=\"progressbar\" aria-valuenow=\"1\" aria-valuemin=\"1\" aria-valuemax=\"6\" tabindex=\"-1\"><span class=\"wpforms-page-indicator-page-title\" ><\/span><span class=\"wpforms-page-indicator-page-title-sep\" style=\"display:none;\"> - <\/span><span class=\"wpforms-page-indicator-steps\">Step <span class=\"wpforms-page-indicator-steps-current\">1<\/span> of 6<\/span><div class=\"wpforms-page-indicator-page-progress-wrap\"><div class=\"wpforms-page-indicator-page-progress\" style=\"width:16.666666666667%;background-color:#066aab\"><\/div><\/div><\/div><div class=\"wpforms-field-container\"><div class=\"wpforms-page wpforms-page-1 \" data-page=\"1\"><div id=\"wpforms-475-field_6-container\" class=\"wpforms-field wpforms-field-pagebreak\" data-field-id=\"6\"><\/div><div id=\"wpforms-475-field_0-container\" class=\"wpforms-field wpforms-field-name\" data-field-id=\"0\"><label class=\"wpforms-field-label\" for=\"wpforms-475-field_0\">Nombre <span class=\"wpforms-required-label\" aria-hidden=\"true\">*<\/span><\/label><input type=\"text\" id=\"wpforms-475-field_0\" class=\"wpforms-field-large wpforms-field-required\" name=\"wpforms[fields][0]\" aria-errormessage=\"wpforms-475-field_0-error\" required><\/div><div id=\"wpforms-475-field_3-container\" class=\"wpforms-field wpforms-field-text\" data-field-id=\"3\"><label class=\"wpforms-field-label\" for=\"wpforms-475-field_3\">Apellido <span class=\"wpforms-required-label\" aria-hidden=\"true\">*<\/span><\/label><input type=\"text\" id=\"wpforms-475-field_3\" class=\"wpforms-field-large wpforms-field-required\" name=\"wpforms[fields][3]\" aria-errormessage=\"wpforms-475-field_3-error\" required><\/div><div id=\"wpforms-475-field_11-container\" class=\"wpforms-field wpforms-field-pagebreak\" data-field-id=\"11\"><div class=\"wpforms-clear wpforms-pagebreak-left\"><button class=\"wpforms-page-button wpforms-page-next wpforms-disabled\"\n\t\t\t\t\tdata-action=\"next\" data-page=\"1\" data-formid=\"475\" aria-disabled=\"true\" aria-describedby=\"wpforms-error-noscript\">Siguiente<\/button><\/div><\/div><\/div><div class=\"wpforms-page wpforms-page-2  \" data-page=\"2\" style=\"display:none;\"><div id=\"wpforms-475-field_4-container\" class=\"wpforms-field wpforms-field-text\" data-field-id=\"4\"><label class=\"wpforms-field-label\" for=\"wpforms-475-field_4\">Empresa<\/label><input type=\"text\" id=\"wpforms-475-field_4\" class=\"wpforms-field-large\" name=\"wpforms[fields][4]\" aria-errormessage=\"wpforms-475-field_4-error\" ><\/div><div id=\"wpforms-475-field_13-container\" class=\"wpforms-field wpforms-field-pagebreak\" data-field-id=\"13\"><div class=\"wpforms-clear wpforms-pagebreak-left\"><button class=\"wpforms-page-button wpforms-page-next wpforms-disabled\"\n\t\t\t\t\tdata-action=\"next\" data-page=\"2\" data-formid=\"475\" aria-disabled=\"true\" aria-describedby=\"wpforms-error-noscript\">Siguiente<\/button><\/div><\/div><\/div><div class=\"wpforms-page wpforms-page-3  \" data-page=\"3\" style=\"display:none;\"><div id=\"wpforms-475-field_9-container\" class=\"wpforms-field wpforms-field-select wpforms-field-select-style-classic\" data-field-id=\"9\"><label class=\"wpforms-field-label\" for=\"wpforms-475-field_9\">Uso que requieres <span class=\"wpforms-required-label\" aria-hidden=\"true\">*<\/span><\/label><select id=\"wpforms-475-field_9\" class=\"wpforms-field-large wpforms-field-required\" name=\"wpforms[fields][9]\" required=\"required\"><option value=\"Almacentamiento de equipaje\"  class=\"choice-4 depth-1\"  >Almacentamiento de equipaje<\/option><option value=\"Retail y comercios\"  class=\"choice-5 depth-1\"  >Retail y comercios<\/option><option value=\"Espacios de Oficina y Coworking\"  class=\"choice-6 depth-1\"  >Espacios de Oficina y Coworking<\/option><option value=\"Hoteles y Hospedaje Tur\u00edstico\"  class=\"choice-7 depth-1\"  >Hoteles y Hospedaje Tur\u00edstico<\/option><option value=\"Residencial\"  class=\"choice-8 depth-1\"  >Residencial<\/option><option value=\"Droguer\u00edas\"  class=\"choice-9 depth-1\"  >Droguer\u00edas<\/option><option value=\"Ciudades y municipios\"  class=\"choice-10 depth-1\"  >Ciudades y municipios<\/option><option value=\"Log\u00edstica Inversa\"  class=\"choice-11 depth-1\"  >Log\u00edstica Inversa<\/option><\/select><\/div><div id=\"wpforms-475-field_5-container\" class=\"wpforms-field wpforms-field-pagebreak\" data-field-id=\"5\"><div class=\"wpforms-clear wpforms-pagebreak-left\"><button class=\"wpforms-page-button wpforms-page-next wpforms-disabled\"\n\t\t\t\t\tdata-action=\"next\" data-page=\"3\" data-formid=\"475\" aria-disabled=\"true\" aria-describedby=\"wpforms-error-noscript\">Siguiente<\/button><\/div><\/div><\/div><div class=\"wpforms-page wpforms-page-4  \" data-page=\"4\" style=\"display:none;\"><div id=\"wpforms-475-field_1-container\" class=\"wpforms-field wpforms-field-email\" data-field-id=\"1\"><label class=\"wpforms-field-label\" for=\"wpforms-475-field_1\">Correo electr\u00f3nico <span class=\"wpforms-required-label\" aria-hidden=\"true\">*<\/span><\/label><input type=\"email\" id=\"wpforms-475-field_1\" class=\"wpforms-field-large wpforms-field-required\" name=\"wpforms[fields][1]\" spellcheck=\"false\" aria-errormessage=\"wpforms-475-field_1-error\" required><\/div><div id=\"wpforms-475-field_14-container\" class=\"wpforms-field wpforms-field-pagebreak\" data-field-id=\"14\"><div class=\"wpforms-clear wpforms-pagebreak-left\"><button class=\"wpforms-page-button wpforms-page-next wpforms-disabled\"\n\t\t\t\t\tdata-action=\"next\" data-page=\"4\" data-formid=\"475\" aria-disabled=\"true\" aria-describedby=\"wpforms-error-noscript\">Siguiente<\/button><\/div><\/div><\/div><div class=\"wpforms-page wpforms-page-5  \" data-page=\"5\" style=\"display:none;\"><div id=\"wpforms-475-field_8-container\" class=\"wpforms-field wpforms-field-phone\" data-field-id=\"8\"><label class=\"wpforms-field-label\" for=\"wpforms-475-field_8\">Tel\u00e9fono<\/label><input type=\"tel\" id=\"wpforms-475-field_8\" class=\"wpforms-field-large wpforms-smart-phone-field\" data-rule-smart-phone-field=\"true\" name=\"wpforms[fields][8]\" aria-label=\"Tel\u00e9fono\" aria-errormessage=\"wpforms-475-field_8-error\" ><\/div><div id=\"wpforms-475-field_15-container\" class=\"wpforms-field wpforms-field-pagebreak\" data-field-id=\"15\"><div class=\"wpforms-clear wpforms-pagebreak-left\"><button class=\"wpforms-page-button wpforms-page-next wpforms-disabled\"\n\t\t\t\t\tdata-action=\"next\" data-page=\"5\" data-formid=\"475\" aria-disabled=\"true\" aria-describedby=\"wpforms-error-noscript\">Siguiente<\/button><\/div><\/div><\/div><div class=\"wpforms-page wpforms-page-6 last \" data-page=\"6\" style=\"display:none;\"><div id=\"wpforms-475-field_2-container\" class=\"wpforms-field wpforms-field-textarea\" data-field-id=\"2\"><label class=\"wpforms-field-label\" for=\"wpforms-475-field_2\">Comentario o mensaje<\/label><textarea id=\"wpforms-475-field_2\" class=\"wpforms-field-medium\" name=\"wpforms[fields][2]\" aria-errormessage=\"wpforms-475-field_2-error\" ><\/textarea><\/div><div id=\"wpforms-475-field_10-container\" class=\"wpforms-field wpforms-field-gdpr-checkbox\" data-field-id=\"10\"><label class=\"wpforms-field-label\">Para finalizar por favor acepta nuestras pol\u00edticas de privacidad <span class=\"wpforms-required-label\" aria-hidden=\"true\">*<\/span><\/label><ul id=\"wpforms-475-field_10\" class=\"wpforms-field-required\"><li class=\"choice-1\"><input type=\"checkbox\" id=\"wpforms-475-field_10_1\" name=\"wpforms[fields][10][]\" value=\"Doy mi consentimiento para que esta p\u00e1gina web almacene la informaci\u00f3n que env\u00edo para que puedan responder a mi petici\u00f3n.\" aria-errormessage=\"wpforms-475-field_10_1-error\" aria-describedby=\"wpforms-475-field_10-description\" required ><label class=\"wpforms-field-label-inline\" for=\"wpforms-475-field_10_1\">Doy mi consentimiento para que esta p\u00e1gina web almacene la informaci\u00f3n que env\u00edo para que puedan responder a mi petici\u00f3n.<\/label><\/li><\/ul><div id=\"wpforms-475-field_10-description\" class=\"wpforms-field-description\">Consulta las Pol\u00edticas de Privacidad <a href=\"https:\/\/cuart.co\/wp-content\/uploads\/2024\/01\/Politica-de-Privacidad-Ecosustentables-V1.pdf\">aqu\u00ed<\/a><\/div><\/div><div id=\"wpforms-475-field_7-container\" class=\"wpforms-field wpforms-field-pagebreak\" data-field-id=\"7\"><\/div><\/div><\/div><!-- .wpforms-field-container --><div class=\"wpforms-recaptcha-container wpforms-is-recaptcha wpforms-is-recaptcha-type-v3\" style=\"display:none;\"><input type=\"hidden\" name=\"wpforms[recaptcha]\" value=\"\"><\/div><div class=\"wpforms-submit-container\" style=\"display:none;\"><input type=\"hidden\" name=\"wpforms[id]\" value=\"475\"><input type=\"hidden\" name=\"page_title\" value=\"\"><input type=\"hidden\" name=\"page_url\" value=\"https:\/\/cuart.co\/en\/wp-json\/wp\/v2\/pages\/362\"><input type=\"hidden\" name=\"url_referer\" value=\"\"><button type=\"submit\" name=\"wpforms[submit]\" id=\"wpforms-submit-475\" class=\"wpforms-submit\" data-alt-text=\"Enviando...\" data-submit-text=\"Enviar\" aria-live=\"assertive\" value=\"wpforms-submit\">Enviar<\/button><img loading=\"lazy\" decoding=\"async\" src=\"https:\/\/cuart.co\/wp-content\/plugins\/wpforms\/assets\/images\/submit-spin.svg\" class=\"wpforms-submit-spinner\" style=\"display: none;\" width=\"26\" height=\"26\" alt=\"Loading\"><\/div><\/form><\/div>  <!-- .wpforms-container -->\n\n\t\t<\/div>\n\t\t\t\t\t<\/div>\n\n\t\n\n\t<div id=\"col-405957329\" class=\"col medium-5 small-12 large-5\"  >\n\t\t\t\t<div class=\"col-inner\"  >\n\t\t\t\n\t\t\t\n\n<div class=\"fusion-text fusion-text-2\">\n<p data-fusion-font=\"true\"><b data-fusion-font=\"true\">Datos de contacto:<\/b><\/p>\n<\/div>\n<ul class=\"fusion-checklist fusion-checklist-1\">\n<li class=\"fusion-li-item\"><i class=\"fusion-li-icon fa-map-pin fas\" aria-hidden=\"true\"><\/i>\n<div class=\"fusion-li-item-content\">\n<p><strong>Colombia<\/strong>: Cra 63 # 79 &#8211; 70, Bogota<br \/><strong>Chile<\/strong>: Avenida providencia 1208 oficina 1603, Santiago RM.<\/p>\n<\/div>\n<\/li>\n<li><span style=\"color: #333333;\">info@cuart.co<\/span><\/li>\n<li>+57 315 6816224<\/li>\n<\/ul>\n\t<div id=\"gap-330468685\" class=\"gap-element clearfix\" style=\"display:block; height:auto;\">\n\t\t\n<style>\n#gap-330468685 {\n  padding-top: 20px;\n}\n<\/style>\n\t<\/div>\n\t\n\n\t<div class=\"img has-hover x md-x lg-x y md-y lg-y\" id=\"image_821529960\">\n\t\t\t\t\t\t\t\t<div class=\"img-inner dark\" >\n\t\t\t<img loading=\"lazy\" decoding=\"async\" width=\"306\" height=\"292\" src=\"https:\/\/cuart.co\/wp-content\/uploads\/2023\/09\/cuart_iso2.png\" class=\"attachment-original size-original\" alt=\"\" \/>\t\t\t\t\t\t\n\t\t\t\t\t<\/div>\n\t\t\t\t\t\t\t\t\n<style>\n#image_821529960 {\n  width: 100%;\n}\n<\/style>\n\t<\/div>\n\t\n\n\n\t\t<\/div>\n\t\t\t\t\t<\/div>\n\n\t\n\n\n<style>\n#row-169807467 > .col > .col-inner {\n  padding: 10px 10px 10px 10px;\n}\n@media (min-width:550px) {\n  #row-169807467 > .col > .col-inner {\n    padding: 30px 30px 0 30px;\n  }\n}\n<\/style>\n<\/div>\n\n\t\t<\/div>\n\n\t\t\n<style>\n#section_1867369302 {\n  padding-top: 30px;\n  padding-bottom: 30px;\n}\n<\/style>\n\t<\/section>\n\t\n\n\t\t<\/div>\n\t\t\t\t\n<style>\n#col-480975031 > .col-inner {\n  margin: 0px 0px 30px 0px;\n}\n<\/style>\n\t<\/div>\n\n\t\n\n<\/div>\n\n","protected":false},"excerpt":{"rendered":"","protected":false},"author":1,"featured_media":0,"parent":0,"menu_order":0,"comment_status":"closed","ping_status":"closed","template":"page-blank.php","meta":{"footnotes":""},"class_list":["post-362","page","type-page","status-publish","hentry"],"_links":{"self":[{"href":"https:\/\/cuart.co\/en\/wp-json\/wp\/v2\/pages\/362","targetHints":{"allow":["GET"]}}],"collection":[{"href":"https:\/\/cuart.co\/en\/wp-json\/wp\/v2\/pages"}],"about":[{"href":"https:\/\/cuart.co\/en\/wp-json\/wp\/v2\/types\/page"}],"author":[{"embeddable":true,"href":"https:\/\/cuart.co\/en\/wp-json\/wp\/v2\/users\/1"}],"replies":[{"embeddable":true,"href":"https:\/\/cuart.co\/en\/wp-json\/wp\/v2\/comments?post=362"}],"version-history":[{"count":9,"href":"https:\/\/cuart.co\/en\/wp-json\/wp\/v2\/pages\/362\/revisions"}],"predecessor-version":[{"id":975,"href":"https:\/\/cuart.co\/en\/wp-json\/wp\/v2\/pages\/362\/revisions\/975"}],"wp:attachment":[{"href":"https:\/\/cuart.co\/en\/wp-json\/wp\/v2\/media?parent=362"}],"curies":[{"name":"wp","href":"https:\/\/api.w.org\/{rel}","templated":true}]}}